{"id":8467,"date":"2023-02-13T14:07:13","date_gmt":"2023-02-13T11:07:13","guid":{"rendered":"https:\/\/ferahtekniker.com\/iletisim\/"},"modified":"2024-12-03T14:05:29","modified_gmt":"2024-12-03T11:05:29","slug":"kontakt","status":"publish","type":"page","link":"https:\/\/ferahtekniker.com\/de\/kontakt\/","title":{"rendered":"Kontakt"},"content":{"rendered":"<section class=\"l-section wpb_row height_auto\"><div class=\"l-section-h i-cf\"><div class=\"g-cols vc_row via_flex valign_top type_default stacking_default\"><div class=\"vc_col-sm-6 wpb_column vc_column_container stretched\"><div class=\"vc_column-inner us_custom_36eef712\"><div class=\"vc_column-overlay\" style=\"background:var(--color-content-primary)\"><\/div><div class=\"wpb_wrapper\"><div class=\"wpb_text_column us_custom_8c2a34d7 has_text_color\"><div class=\"wpb_wrapper\"><h1>Kontakt<\/h1>\n<\/div><\/div><\/div><\/div><\/div><div class=\"vc_col-sm-6 wpb_column vc_column_container\"><div class=\"vc_column-inner\"><div class=\"wpb_wrapper\"><\/div><\/div><\/div><\/div><\/div><\/section><section class=\"l-section wpb_row height_custom\"><div class=\"l-section-h i-cf\"><div class=\"g-cols vc_row via_flex valign_top type_default stacking_default\" style=\"--additional-gap:20px;\"><div class=\"vc_col-sm-6 wpb_column vc_column_container\"><div class=\"vc_column-inner\"><div class=\"wpb_wrapper\"><div class=\"g-cols wpb_row us_custom_c11703e3 via_flex valign_top type_default stacking_default\"><div class=\"vc_col-sm-12 wpb_column vc_column_container\"><div class=\"vc_column-inner\"><div class=\"wpb_wrapper\"><div class=\"wpb_text_column\"><div class=\"wpb_wrapper\"><p><strong>Anschrift:<\/strong> Saray Mah. 636 Cad. No: 18<br \/>\nKahramankazan \/ ANKARA<\/p>\n<p><strong>Telefon:<\/strong> <a href=\"tel:+90 312 395 45 12\">+90 312 395 45 12<\/a><br \/>\n<strong>Fax:<\/strong> +90 312 395 45 11<br \/>\n<strong>E-Mail-Adresse:<\/strong><a href=\"mailto:info@ferahtekniker.com\"> info@ferahtekniker.com<\/a><\/p>\n<\/div><\/div><\/div><\/div><\/div><\/div><\/div><\/div><\/div><div class=\"vc_col-sm-6 wpb_column vc_column_container\"><div class=\"vc_column-inner\"><div class=\"wpb_wrapper\"><div class=\"wpb_text_column us_custom_6745946f has_text_color\"><div class=\"wpb_wrapper\"><h2>Kontaktdaten<\/h2>\n<\/div><\/div><div class=\"w-separator size_small\"><\/div><div class=\"wpb_text_column\"><div class=\"wpb_wrapper\"><p>Sie k\u00f6nnen uns \u00fcber die unten angegebenen Kommunikationskan\u00e4le kontaktieren oder das Kontaktformular ausf\u00fcllen.<\/p>\n<\/div><\/div><div class=\"w-separator size_small\"><\/div><div class=\"g-cols wpb_row us_custom_ec7345bf via_flex valign_top type_default stacking_default\"><div class=\"vc_col-sm-12 wpb_column vc_column_container\"><div class=\"vc_column-inner\"><div class=\"wpb_wrapper\"><form class=\"w-form  layout_ver for_cform us_form_1\" autocomplete=\"off\" action=\"https:\/\/ferahtekniker.com\/de\/wp-json\/wp\/v2\/pages\/8467\" method=\"post\"><div class=\"w-form-h\"><div class=\"w-form-row for_text required\">\r\n\t\t<div class=\"w-form-row-field\">\r\n\t\t\t\t\t\t<input aria-label=\"Ihr Vor- und Nachname \" type=\"text\" name=\"us_form_1_text_1\" value placeholder=\"Ihr Vor- und Nachname  *\" data-required=\"true\" aria-required=\"true\"\/>\r\n\t\t\t<\/div>\r\n\t\t<div class=\"w-form-row-state\">Bitte f\u00fcllen Sie dieses Feld aus.<\/div>\r\n<\/div>\r\n<div class=\"w-form-row for_text required\">\r\n\t\t<div class=\"w-form-row-field\">\r\n\t\t\t\t\t\t<input aria-label=\"Ihre Telefon-Nr.\" type=\"text\" name=\"us_form_1_text_2\" value placeholder=\"Ihre Telefon-Nr. *\" data-required=\"true\" aria-required=\"true\"\/>\r\n\t\t\t<\/div>\r\n\t\t<div class=\"w-form-row-state\">Bitte f\u00fcllen Sie dieses Feld aus.<\/div>\r\n<\/div>\r\n<div class=\"w-form-row for_email required\">\r\n\t\t<div class=\"w-form-row-field\">\r\n\t\t\t\t\t\t<input aria-label=\"Ihre E-Mail-Adresse \" type=\"email\" name=\"us_form_1_email_1\" value placeholder=\"Ihre E-Mail-Adresse  *\" data-required=\"true\" aria-required=\"true\"\/>\r\n\t\t\t<\/div>\r\n\t\t<div class=\"w-form-row-state\">Bitte gib eine g\u00fcltige E-Mail-Adresse ein.<\/div>\r\n<\/div>\r\n<div class=\"w-form-row for_textarea required\">\r\n\t\t<div class=\"w-form-row-field\">\r\n\t\t\t\t\t\t<textarea aria-label=\"Ihre Nachricht \" name=\"us_form_1_textarea_1\" placeholder=\"Ihre Nachricht  *\" data-required=\"true\" aria-required=\"true\"><\/textarea>\r\n\t\t\t<\/div>\r\n\t\t<div class=\"w-form-row-state\">Bitte f\u00fcllen Sie dieses Feld aus.<\/div>\r\n<\/div>\r\n<input type=\"hidden\" name=\"action\" value=\"us_ajax_cform\" \/>\r\n<input type=\"hidden\" name=\"post_id\" value=\"0\" \/>\r\n<input type=\"hidden\" name=\"form_index\" value=\"1\" \/>\r\n<div class=\"w-form-row for_submit  align_right\">\r\n\t<button class=\"w-btn  us-btn-style_1\" aria-label=\"SENDEN\" type=\"submit\">\r\n\t\t<span class=\"g-preloader type_1\"><\/span>\r\n\t\t\t\t<span class=\"w-btn-label\">SENDEN<\/span>\r\n\t\t\t<\/button>\r\n\t<\/div>\r\n<\/div><div class=\"w-form-message\"><\/div><div class=\"w-form-json hidden\" onclick='return {&quot;ajaxurl&quot;:&quot;https:\\\/\\\/ferahtekniker.com\\\/wp-admin\\\/admin-ajax.php&quot;,&quot;messages&quot;:{&quot;err_empty&quot;:&quot;Bitte f\\u00fcllen Sie dieses Feld aus.&quot;,&quot;err_size&quot;:&quot;Die Dateigr\\u00f6\\u00dfe darf %s MB nicht \\u00fcberschreiten&quot;,&quot;err_extension&quot;:&quot;Dateityp %s ist nicht zul\\u00e4ssig&quot;}}'><\/div><\/form><\/div><\/div><\/div><\/div><\/div><\/div><\/div><\/div><\/div><\/section><section class=\"l-section wpb_row height_custom with_img\"><div class=\"l-section-img\" data-img-width=\"1902\" data-img-height=\"860\" style=\"background-image: url(https:\/\/ferahtekniker.com\/wp-content\/uploads\/2023\/02\/iletisim-bg.jpg);background-position: top left;background-repeat: no-repeat;\"><\/div><div class=\"l-section-h i-cf\"><div class=\"g-cols vc_row via_flex valign_top type_default stacking_default\"><div class=\"vc_col-sm-12 wpb_column vc_column_container\"><div class=\"vc_column-inner\"><div class=\"wpb_wrapper\"><div class=\"wpb_text_column us_custom_114a057e\"><div class=\"wpb_wrapper\"><p><iframe loading=\"lazy\" style=\"border: 0;\" src=\"https:\/\/www.google.com\/maps\/embed?pb=!1m18!1m12!1m3!1d358.0390170470364!2d32.74241539695374!3d39.99452508902167!2m3!1f0!2f0!3f0!3m2!1i1024!2i768!4f13.1!3m3!1m2!1s0x14d34a206c187ded%3A0xe8ddb765a802ba7b!2sFerah%20Tekniker%20Limited%20%C5%9Eirketi!5e0!3m2!1str!2str!4v1676285617975!5m2!1str!2str\" width=\"100%\" height=\"450\" allowfullscreen=\"allowfullscreen\"><\/iframe><\/p>\n<\/div><\/div><\/div><\/div><\/div><\/div><\/div><\/section>\n","protected":false},"excerpt":{"rendered":"Kontakt Anschrift: Saray Mah. 636 Cad. No: 18 Kahramankazan \/ ANKARA Telefon: +90 312 395 45 12 Fax: +90 312 395 45 11 E-Mail-Adresse: info@ferahtekniker.com Kontaktdaten Sie k\u00f6nnen uns \u00fcber die unten angegebenen Kommunikationskan\u00e4le kontaktieren oder das Kontaktformular ausf\u00fcllen. Bitte f\u00fcllen Sie dieses Feld aus. Bitte f\u00fcllen Sie dieses Feld aus. Bitte gib eine g\u00fcltige...","protected":false},"author":1,"featured_media":0,"parent":0,"menu_order":0,"comment_status":"closed","ping_status":"closed","template":"","meta":{"footnotes":""},"class_list":["post-8467","page","type-page","status-publish","hentry"],"_links":{"self":[{"href":"https:\/\/ferahtekniker.com\/de\/wp-json\/wp\/v2\/pages\/8467","targetHints":{"allow":["GET"]}}],"collection":[{"href":"https:\/\/ferahtekniker.com\/de\/wp-json\/wp\/v2\/pages"}],"about":[{"href":"https:\/\/ferahtekniker.com\/de\/wp-json\/wp\/v2\/types\/page"}],"author":[{"embeddable":true,"href":"https:\/\/ferahtekniker.com\/de\/wp-json\/wp\/v2\/users\/1"}],"replies":[{"embeddable":true,"href":"https:\/\/ferahtekniker.com\/de\/wp-json\/wp\/v2\/comments?post=8467"}],"version-history":[{"count":3,"href":"https:\/\/ferahtekniker.com\/de\/wp-json\/wp\/v2\/pages\/8467\/revisions"}],"predecessor-version":[{"id":8665,"href":"https:\/\/ferahtekniker.com\/de\/wp-json\/wp\/v2\/pages\/8467\/revisions\/8665"}],"wp:attachment":[{"href":"https:\/\/ferahtekniker.com\/de\/wp-json\/wp\/v2\/media?parent=8467"}],"curies":[{"name":"wp","href":"https:\/\/api.w.org\/{rel}","templated":true}]}}