{"id":8487,"date":"2023-02-13T15:11:22","date_gmt":"2023-02-13T12:11:22","guid":{"rendered":"https:\/\/ferahtekniker.com\/hakkimizda\/"},"modified":"2026-01-09T13:49:17","modified_gmt":"2026-01-09T10:49:17","slug":"a-propos-de-nous","status":"publish","type":"page","link":"https:\/\/ferahtekniker.com\/fr\/a-propos-de-nous\/","title":{"rendered":"\u00c0 propos de nous"},"content":{"rendered":"<section class=\"l-section wpb_row height_auto\"><div class=\"l-section-h i-cf\"><div class=\"g-cols vc_row via_flex valign_top type_default stacking_default\"><div class=\"vc_col-sm-6 wpb_column vc_column_container stretched\"><div class=\"vc_column-inner us_custom_36eef712\"><div class=\"vc_column-overlay\" style=\"background:var(--color-content-primary)\"><\/div><div class=\"wpb_wrapper\"><div class=\"wpb_text_column us_custom_8c2a34d7 has_text_color\"><div class=\"wpb_wrapper\"><h1>\u00c0 propos de nous<\/h1>\n<\/div><\/div><\/div><\/div><\/div><div class=\"vc_col-sm-6 wpb_column vc_column_container\"><div class=\"vc_column-inner\"><div class=\"wpb_wrapper\"><\/div><\/div><\/div><\/div><\/div><\/section><section class=\"l-section wpb_row us_custom_1a6ba431 height_auto\"><div class=\"l-section-h i-cf\"><div class=\"g-cols vc_row via_flex valign_top type_default stacking_default\" style=\"--additional-gap:20px;\"><div class=\"vc_col-sm-6 wpb_column vc_column_container has_bg_color stretched\"><div class=\"vc_column-inner us_custom_2929058e\"><div class=\"wpb_wrapper\"><div class=\"w-separator size_custom\" style=\"height:300px\"><\/div><\/div><\/div><\/div><div class=\"vc_col-sm-6 wpb_column vc_column_container\"><div class=\"vc_column-inner\"><div class=\"wpb_wrapper\"><div class=\"w-separator size_medium\"><\/div><div class=\"wpb_text_column\"><div class=\"wpb_wrapper\"><p>Ferah Tekniker a commenc\u00e9 \u00e0 produire il y a exactement 30 ans afin de r\u00e9pondre \u00e0 la demande croissante de pi\u00e8ces. Elle prend place comme l&rsquo;une des marques r\u00e9put\u00e9es du secteur en fabriquant des pi\u00e8ces de rechange pour les engins de chantier. Ferah Tekniker, qui agit en fonction des besoins du march\u00e9 et se d\u00e9veloppe, en raison des demandes a cr\u00e9\u00e9 la soci\u00e9t\u00e9 <a href=\"http:\/\/www.hidroferhidrolik.com\/\" target=\"_blank\" rel=\"noopener\">H\u0130DROFER H\u0130DROL\u0130K<\/a> en 2014 en ajoutant des liaisons de raccords hydrauliques et ses raccords \u00e0 sa production.<\/p>\n<p>Avec une solide infrastructure technologique et son personnel expert qui s\u2019adapte \u00e0 l&rsquo;\u00e8re mondiale, elle r\u00e9pond aujourd&rsquo;hui aux demandes de ses clients en fabriquant dans son usine de production ferm\u00e9e de 2500 m2 des goupilles et des douilles pour toutes sortes de machines de construction. En tant que fabricant d&rsquo;\u00e9quipement d&rsquo;origine (OEM), dans le secteur des \u00e9quipements et des engins de construction il est le fournisseur des principaux fabricants d&rsquo;\u00e9quipements et d\u2019engin de construction en Turquie et dans le monde.<\/p>\n<p>Gr\u00e2ce \u00e0 son parcourt de machines qui grandit et se d\u00e9veloppe de jour en jour elle propose des solutions efficaces et rapides aux besoins des clients. Ferah Tekniker, en tant que leader du secteur fabrique des goupilles-douilles et prend soin de prendre des initiatives innovantes et de d\u00e9velopper continuellement ses co\u00e9quipiers avec des formations. Ferah Tekniker en rendant la production bas\u00e9e sur la durabilit\u00e9, contribue \u00e0 l&rsquo;\u00e9conomie du pays avec ses exportations et son vaste r\u00e9seau commercial.<\/p>\n<p>Gr\u00e2ce \u00e0 son haut niveau de satisfaction client et ses \u00e9tudes R&amp;D r\u00e9ussies sur le march\u00e9 mondial elle poursuit son succ\u00e8s en tant que marque recherch\u00e9e sur les march\u00e9s nationaux et mondiaux.<\/p>\n<\/div><\/div><div class=\"w-separator size_medium\"><\/div><\/div><\/div><\/div><\/div><\/div><\/section><section class=\"l-section wpb_row height_auto\"><div class=\"l-section-h i-cf\"><div class=\"g-cols vc_row via_flex valign_top type_default stacking_default\" style=\"--additional-gap:20px;\"><div class=\"vc_col-sm-6 wpb_column vc_column_container stretched\"><div class=\"vc_column-inner us_custom_36eef712\"><div class=\"vc_column-overlay\" style=\"background:var(--color-content-primary)\"><\/div><div class=\"wpb_wrapper\"><div class=\"wpb_text_column us_custom_46f7d944 has_text_color\"><div class=\"wpb_wrapper\"><p>NOTRE VISION<\/p>\n<\/div><\/div><\/div><\/div><\/div><div class=\"vc_col-sm-6 wpb_column vc_column_container stretched\"><div class=\"vc_column-inner us_custom_36eef712\"><div class=\"vc_column-overlay\" style=\"background:var(--color-content-secondary)\"><\/div><div class=\"wpb_wrapper\"><div class=\"wpb_text_column us_custom_d978c550 has_text_color\"><div class=\"wpb_wrapper\"><p>NOTRE MISSION<\/p>\n<\/div><\/div><\/div><\/div><\/div><\/div><\/div><\/section><section class=\"l-section wpb_row height_custom\"><div class=\"l-section-h i-cf\"><div class=\"g-cols vc_row via_flex valign_top type_default stacking_default\" style=\"--additional-gap:20px;\"><div class=\"vc_col-sm-6 wpb_column vc_column_container\"><div class=\"vc_column-inner\"><div class=\"wpb_wrapper\"><div class=\"g-cols wpb_row us_custom_c11703e3 via_flex valign_top type_default stacking_default\"><div class=\"vc_col-sm-12 wpb_column vc_column_container\"><div class=\"vc_column-inner\"><div class=\"wpb_wrapper\"><div class=\"wpb_text_column\"><div class=\"wpb_wrapper\"><p style=\"text-align: justify;\">Tout en suivant de pr\u00e8s les \u00e9volutions requises de notre \u00e9poque produire des produits de haute qualit\u00e9, fournir une haute satisfaction client et \u00eatre une marque leader sur le march\u00e9 mondial avec les produits que nous fabriquons.<\/p>\n<\/div><\/div><\/div><\/div><\/div><\/div><\/div><\/div><\/div><div class=\"vc_col-sm-6 wpb_column vc_column_container\"><div class=\"vc_column-inner\"><div class=\"wpb_wrapper\"><div class=\"g-cols wpb_row us_custom_2b54522d via_flex valign_top type_default stacking_default\"><div class=\"vc_col-sm-12 wpb_column vc_column_container\"><div class=\"vc_column-inner\"><div class=\"wpb_wrapper\"><div class=\"wpb_text_column\"><div class=\"wpb_wrapper\"><p style=\"text-align: justify;\">Nous fabriquons dans notre pays depuis plus de 30 ans des goupilles et des douilles. En tant que famille Ferah Tekniker, nous produisons des produits de haute qualit\u00e9 pour nos pr\u00e9cieux clients en combinant nos longues ann\u00e9es d&rsquo;exp\u00e9rience avec notre technologie en d\u00e9veloppement et nos syst\u00e8mes de qualit\u00e9.<\/p>\n<\/div><\/div><\/div><\/div><\/div><\/div><\/div><\/div><\/div><\/div><\/div><\/section><section class=\"l-section wpb_row height_auto\"><div class=\"l-section-h i-cf\"><div class=\"g-cols vc_row via_flex valign_top type_default stacking_default\" style=\"--additional-gap:20px;\"><div class=\"vc_col-sm-6 wpb_column vc_column_container stretched\"><div class=\"vc_column-inner us_custom_36eef712\"><div class=\"vc_column-overlay\" style=\"background:var(--color-content-secondary)\"><\/div><div class=\"wpb_wrapper\"><div class=\"wpb_text_column us_custom_46f7d944 has_text_color\"><div class=\"wpb_wrapper\"><p><strong>NOS VALEURS<\/strong><\/p>\n<\/div><\/div><\/div><\/div><\/div><div class=\"vc_col-sm-6 wpb_column vc_column_container\"><div class=\"vc_column-inner\"><div class=\"wpb_wrapper\"><\/div><\/div><\/div><\/div><\/div><\/section><section class=\"l-section wpb_row height_auto\"><div class=\"l-section-h i-cf\"><div class=\"g-cols vc_row via_flex valign_middle type_default stacking_default\" style=\"--additional-gap:20px;\"><div class=\"vc_col-sm-6 wpb_column vc_column_container has_bg_color\"><div class=\"vc_column-inner us_custom_6cc0d50a\"><div class=\"wpb_wrapper\"><div class=\"wpb_text_column us_custom_a30cddec\"><div class=\"wpb_wrapper\"><p>\u00catre une marque forte sur le march\u00e9<\/p>\n<p><strong>INTERNATIONAL<\/strong>.<\/p>\n<p>Attacher de l&rsquo;importance aux \u00e9tudes R&amp;D et adopter une continuit\u00e9 dans la <strong>qualit\u00e9 de la production<\/strong>.<\/p>\n<p>\u00catre une <strong>marque<\/strong> en d\u00e9veloppement et qui d\u00e9veloppe.<\/p>\n<p>Se sensibiliser sur les questions <strong>d\u2019\u00e9nergie durable<\/strong> et politique d\u2019environnement.<\/p>\n<p>Se concentrer sur la <strong>satisfaction du client<\/strong><\/p>\n<p>Cr\u00e9er un<strong> environnement de travail efficace.<\/strong><\/p>\n<\/div><\/div><\/div><\/div><\/div><div class=\"vc_col-sm-6 wpb_column vc_column_container stretched\"><div class=\"vc_column-inner us_custom_255d3a5f\"><div class=\"wpb_wrapper\"><div class=\"w-image align_right\"><div class=\"w-image-h\"><img loading=\"lazy\" decoding=\"async\" width=\"1024\" height=\"716\" src=\"https:\/\/ferahtekniker.com\/wp-content\/uploads\/2023\/02\/degerler-01-1024x716.jpg\" class=\"attachment-large size-large\" alt=\"\" srcset=\"https:\/\/ferahtekniker.com\/wp-content\/uploads\/2023\/02\/degerler-01-1024x716.jpg 1024w, https:\/\/ferahtekniker.com\/wp-content\/uploads\/2023\/02\/degerler-01-300x210.jpg 300w, https:\/\/ferahtekniker.com\/wp-content\/uploads\/2023\/02\/degerler-01.jpg 1040w\" sizes=\"auto, (max-width: 1024px) 100vw, 1024px\" \/><\/div><\/div><\/div><\/div><\/div><\/div><\/div><\/section><section class=\"l-section wpb_row height_custom width_full\"><div class=\"l-section-h i-cf\"><div class=\"g-cols vc_row via_flex valign_top type_default stacking_default\"><div class=\"vc_col-sm-4 wpb_column vc_column_container\"><div class=\"vc_column-inner\"><div class=\"vc_column-overlay\" style=\"background:var(--color-content-primary)\"><\/div><div class=\"wpb_wrapper\"><\/div><\/div><\/div><div class=\"vc_col-sm-4 wpb_column vc_column_container\"><div class=\"vc_column-inner\"><div class=\"wpb_wrapper\"><div class=\"wpb_text_column us_custom_9839a07c has_text_color\"><div class=\"wpb_wrapper\"><p style=\"text-align: center;\">CERTIFICATS DE QUALIT\u00c9<\/p>\n<\/div><\/div><\/div><\/div><\/div><div class=\"vc_col-sm-4 wpb_column vc_column_container\"><div class=\"vc_column-inner\"><div class=\"vc_column-overlay\" style=\"background:var(--color-content-secondary)\"><\/div><div class=\"wpb_wrapper\"><\/div><\/div><\/div><\/div><\/div><\/section><section class=\"l-section wpb_row height_custom\"><div class=\"l-section-h i-cf\"><div class=\"g-cols vc_row via_flex valign_top type_default stacking_default\"><div class=\"vc_col-sm-12 wpb_column vc_column_container\"><div class=\"vc_column-inner\"><div class=\"wpb_wrapper\"><div class=\"w-grid type_carousel layout_8019 cols_3\" id=\"us_grid_1\"><style>#us_grid_1 .w-grid-item{padding:3rem}#us_grid_1 .w-grid-list{margin:-3rem}.w-grid + #us_grid_1 .w-grid-list,.w-grid-none + #us_grid_1 .w-grid-list{margin-top:3rem}.layout_8019 .w-grid-item-h{}<\/style><div class=\"w-grid-list owl-carousel navstyle_circle navpos_outside\" style=\"--arrows-size:1.8rem;\">\t<article class=\"w-grid-item post-8683 attachment type-attachment status-inherit hentry\" data-id=\"8683\">\r\n\t\t<div class=\"w-grid-item-h\">\r\n\t\t\t\t\t\t\t<a class=\"w-grid-item-anchor\" href=\"https:\/\/ferahtekniker.com\/wp-content\/uploads\/2026\/01\/SKM_C22726010511411.jpg\" ref=\"magnificPopupGrid\" title=\"SKM_C22726010511411\"><\/a>\r\n\t\t\t\t\t\t<div class=\"w-post-elm post_image usg_post_image_1 has_ratio\"><div style=\"padding-bottom:133.3333%\"><\/div><a href=\"https:\/\/ferahtekniker.com\/fr\/home\/skm_c22726010511411-2\/\" aria-label=\"SKM_C22726010511411\"><img loading=\"lazy\" decoding=\"async\" width=\"725\" height=\"1024\" src=\"https:\/\/ferahtekniker.com\/wp-content\/uploads\/2026\/01\/SKM_C22726010511411-725x1024.jpg\" class=\"attachment-large size-large\" alt=\"\" srcset=\"https:\/\/ferahtekniker.com\/wp-content\/uploads\/2026\/01\/SKM_C22726010511411-725x1024.jpg 725w, https:\/\/ferahtekniker.com\/wp-content\/uploads\/2026\/01\/SKM_C22726010511411-212x300.jpg 212w, https:\/\/ferahtekniker.com\/wp-content\/uploads\/2026\/01\/SKM_C22726010511411-1087x1536.jpg 1087w, https:\/\/ferahtekniker.com\/wp-content\/uploads\/2026\/01\/SKM_C22726010511411.jpg 1200w\" sizes=\"auto, (max-width: 725px) 100vw, 725px\" \/><\/a><\/div>\t\t<\/div>\r\n\t<\/article>\r\n\t<article class=\"w-grid-item post-8677 attachment type-attachment status-inherit hentry\" data-id=\"8677\">\r\n\t\t<div class=\"w-grid-item-h\">\r\n\t\t\t\t\t\t\t<a class=\"w-grid-item-anchor\" href=\"https:\/\/ferahtekniker.com\/wp-content\/uploads\/2026\/01\/SKM_C22726010511421.jpg\" ref=\"magnificPopupGrid\" title=\"SKM_C22726010511421\"><\/a>\r\n\t\t\t\t\t\t<div class=\"w-post-elm post_image usg_post_image_1 has_ratio\"><div style=\"padding-bottom:133.3333%\"><\/div><a href=\"https:\/\/ferahtekniker.com\/fr\/home\/skm_c22726010511421-2\/\" aria-label=\"SKM_C22726010511421\"><img loading=\"lazy\" decoding=\"async\" width=\"725\" height=\"1024\" src=\"https:\/\/ferahtekniker.com\/wp-content\/uploads\/2026\/01\/SKM_C22726010511421-725x1024.jpg\" class=\"attachment-large size-large\" alt=\"\" srcset=\"https:\/\/ferahtekniker.com\/wp-content\/uploads\/2026\/01\/SKM_C22726010511421-725x1024.jpg 725w, https:\/\/ferahtekniker.com\/wp-content\/uploads\/2026\/01\/SKM_C22726010511421-212x300.jpg 212w, https:\/\/ferahtekniker.com\/wp-content\/uploads\/2026\/01\/SKM_C22726010511421-1087x1536.jpg 1087w, https:\/\/ferahtekniker.com\/wp-content\/uploads\/2026\/01\/SKM_C22726010511421.jpg 1200w\" sizes=\"auto, (max-width: 725px) 100vw, 725px\" \/><\/a><\/div>\t\t<\/div>\r\n\t<\/article>\r\n\t<article class=\"w-grid-item post-8671 attachment type-attachment status-inherit hentry\" data-id=\"8671\">\r\n\t\t<div class=\"w-grid-item-h\">\r\n\t\t\t\t\t\t\t<a class=\"w-grid-item-anchor\" href=\"https:\/\/ferahtekniker.com\/wp-content\/uploads\/2026\/01\/SKM_C22726010511420.jpg\" ref=\"magnificPopupGrid\" title=\"SKM_C22726010511420\"><\/a>\r\n\t\t\t\t\t\t<div class=\"w-post-elm post_image usg_post_image_1 has_ratio\"><div style=\"padding-bottom:133.3333%\"><\/div><a href=\"https:\/\/ferahtekniker.com\/fr\/home\/skm_c22726010511420-2\/\" aria-label=\"SKM_C22726010511420\"><img loading=\"lazy\" decoding=\"async\" width=\"725\" height=\"1024\" src=\"https:\/\/ferahtekniker.com\/wp-content\/uploads\/2026\/01\/SKM_C22726010511420-725x1024.jpg\" class=\"attachment-large size-large\" alt=\"\" srcset=\"https:\/\/ferahtekniker.com\/wp-content\/uploads\/2026\/01\/SKM_C22726010511420-725x1024.jpg 725w, https:\/\/ferahtekniker.com\/wp-content\/uploads\/2026\/01\/SKM_C22726010511420-212x300.jpg 212w, https:\/\/ferahtekniker.com\/wp-content\/uploads\/2026\/01\/SKM_C22726010511420-1087x1536.jpg 1087w, https:\/\/ferahtekniker.com\/wp-content\/uploads\/2026\/01\/SKM_C22726010511420.jpg 1200w\" sizes=\"auto, (max-width: 725px) 100vw, 725px\" \/><\/a><\/div>\t\t<\/div>\r\n\t<\/article>\r\n<\/div><div class=\"g-preloader type_1\">\r\n\t<div><\/div>\r\n<\/div>\r\n\t<div class=\"w-grid-json hidden\" onclick='return {&quot;action&quot;:&quot;us_ajax_grid&quot;,&quot;ajax_url&quot;:&quot;https:\\\/\\\/ferahtekniker.com\\\/wp-admin\\\/admin-ajax.php&quot;,&quot;infinite_scroll&quot;:0,&quot;max_num_pages&quot;:1,&quot;pagination&quot;:&quot;none&quot;,&quot;permalink_url&quot;:&quot;https:\\\/\\\/ferahtekniker.com\\\/fr\\\/wp-json\\\/wp\\\/v2\\\/pages\\\/8487\\\/&quot;,&quot;template_vars&quot;:{&quot;columns&quot;:&quot;3&quot;,&quot;exclude_items&quot;:&quot;none&quot;,&quot;img_size&quot;:&quot;default&quot;,&quot;ignore_items_size&quot;:0,&quot;items_layout&quot;:&quot;8019&quot;,&quot;items_offset&quot;:&quot;1&quot;,&quot;load_animation&quot;:&quot;none&quot;,&quot;overriding_link&quot;:&quot;popup_post_image&quot;,&quot;post_id&quot;:8487,&quot;query_args&quot;:{&quot;post_type&quot;:[&quot;attachment&quot;],&quot;post__in&quot;:[&quot;8669&quot;,&quot;8675&quot;,&quot;8681&quot;],&quot;post_status&quot;:&quot;inherit&quot;,&quot;post_mime_type&quot;:&quot;image&quot;,&quot;posts_per_page&quot;:999},&quot;orderby_query_args&quot;:{&quot;orderby&quot;:{&quot;date&quot;:&quot;DESC&quot;}},&quot;type&quot;:&quot;carousel&quot;,&quot;us_grid_ajax_index&quot;:1,&quot;us_grid_filter_params&quot;:null,&quot;us_grid_index&quot;:1,&quot;_us_grid_post_type&quot;:&quot;attachment&quot;,&quot;lang&quot;:&quot;fr&quot;},&quot;carousel_settings&quot;:{&quot;autoHeight&quot;:0,&quot;autoplay&quot;:0,&quot;carousel_fade&quot;:0,&quot;center&quot;:0,&quot;dots&quot;:0,&quot;items&quot;:&quot;3&quot;,&quot;loop&quot;:false,&quot;nav&quot;:1,&quot;slideby&quot;:&quot;1&quot;,&quot;smooth_play&quot;:0,&quot;speed&quot;:250,&quot;timeout&quot;:3000,&quot;transition&quot;:&quot;&quot;,&quot;aria_labels&quot;:{&quot;prev&quot;:&quot;Pr\\u00e9c\\u00e9dent&quot;,&quot;next&quot;:&quot;Suivant&quot;}},&quot;carousel_breakpoints&quot;:{&quot;0&quot;:{&quot;autoHeight&quot;:0,&quot;autoplay&quot;:1,&quot;autoplayHoverPause&quot;:1,&quot;items&quot;:1,&quot;loop&quot;:true,&quot;stagePadding&quot;:0},&quot;601&quot;:{&quot;autoHeight&quot;:0,&quot;autoplay&quot;:1,&quot;autoplayHoverPause&quot;:1,&quot;items&quot;:2,&quot;loop&quot;:false,&quot;stagePadding&quot;:0},&quot;1025&quot;:{&quot;autoHeight&quot;:0,&quot;autoplay&quot;:1,&quot;autoplayHoverPause&quot;:1,&quot;items&quot;:3,&quot;loop&quot;:false,&quot;stagePadding&quot;:0},&quot;1281&quot;:{&quot;items&quot;:3,&quot;stagePadding&quot;:0}}}'><\/div>\r\n\t<\/div><\/div><\/div><\/div><\/div><\/div><\/section>\n","protected":false},"excerpt":{"rendered":"","protected":false},"author":1,"featured_media":0,"parent":0,"menu_order":0,"comment_status":"closed","ping_status":"closed","template":"","meta":{"footnotes":""},"class_list":["post-8487","page","type-page","status-publish","hentry"],"_links":{"self":[{"href":"https:\/\/ferahtekniker.com\/fr\/wp-json\/wp\/v2\/pages\/8487","targetHints":{"allow":["GET"]}}],"collection":[{"href":"https:\/\/ferahtekniker.com\/fr\/wp-json\/wp\/v2\/pages"}],"about":[{"href":"https:\/\/ferahtekniker.com\/fr\/wp-json\/wp\/v2\/types\/page"}],"author":[{"embeddable":true,"href":"https:\/\/ferahtekniker.com\/fr\/wp-json\/wp\/v2\/users\/1"}],"replies":[{"embeddable":true,"href":"https:\/\/ferahtekniker.com\/fr\/wp-json\/wp\/v2\/comments?post=8487"}],"version-history":[{"count":7,"href":"https:\/\/ferahtekniker.com\/fr\/wp-json\/wp\/v2\/pages\/8487\/revisions"}],"predecessor-version":[{"id":8698,"href":"https:\/\/ferahtekniker.com\/fr\/wp-json\/wp\/v2\/pages\/8487\/revisions\/8698"}],"wp:attachment":[{"href":"https:\/\/ferahtekniker.com\/fr\/wp-json\/wp\/v2\/media?parent=8487"}],"curies":[{"name":"wp","href":"https:\/\/api.w.org\/{rel}","templated":true}]}}