{"id":8000,"date":"2023-02-13T15:11:22","date_gmt":"2023-02-13T12:11:22","guid":{"rendered":"https:\/\/ferahtekniker.com\/?page_id=8000"},"modified":"2026-01-09T13:48:52","modified_gmt":"2026-01-09T10:48:52","slug":"hakkimizda","status":"publish","type":"page","link":"https:\/\/ferahtekniker.com\/tr\/hakkimizda\/","title":{"rendered":"Hakk\u0131m\u0131zda"},"content":{"rendered":"<section class=\"l-section wpb_row height_auto\"><div class=\"l-section-h i-cf\"><div class=\"g-cols vc_row via_flex valign_top type_default stacking_default\"><div class=\"vc_col-sm-6 wpb_column vc_column_container stretched\"><div class=\"vc_column-inner us_custom_36eef712\"><div class=\"vc_column-overlay\" style=\"background:var(--color-content-primary)\"><\/div><div class=\"wpb_wrapper\"><div class=\"wpb_text_column us_custom_8c2a34d7 has_text_color\"><div class=\"wpb_wrapper\"><h1>Hakk\u0131m\u0131zda<\/h1>\n<\/div><\/div><\/div><\/div><\/div><div class=\"vc_col-sm-6 wpb_column vc_column_container\"><div class=\"vc_column-inner\"><div class=\"wpb_wrapper\"><\/div><\/div><\/div><\/div><\/div><\/section><section class=\"l-section wpb_row us_custom_1a6ba431 height_auto\"><div class=\"l-section-h i-cf\"><div class=\"g-cols vc_row via_flex valign_top type_default stacking_default\" style=\"--additional-gap:20px;\"><div class=\"vc_col-sm-6 wpb_column vc_column_container has_bg_color stretched\"><div class=\"vc_column-inner us_custom_2929058e\"><div class=\"wpb_wrapper\"><div class=\"w-separator size_custom\" style=\"height:300px\"><\/div><\/div><\/div><\/div><div class=\"vc_col-sm-6 wpb_column vc_column_container\"><div class=\"vc_column-inner\"><div class=\"wpb_wrapper\"><div class=\"w-separator size_medium\"><\/div><div class=\"wpb_text_column\"><div class=\"wpb_wrapper\"><p>Ferah Tekniker, g\u00fcn ge\u00e7tik\u00e7e artan par\u00e7a ihtiya\u00e7lar\u0131n\u0131 kar\u015f\u0131lamak \u00fczere bundan tam 30 y\u0131l \u00f6nce \u00fcretime ba\u015flad\u0131. \u0130\u015f makinelerinin yedek par\u00e7alar\u0131n\u0131 imal ederek sekt\u00f6rde sayg\u0131n markalardan biri olarak yerini alm\u0131\u015ft\u0131r. Piyasan\u0131n ihtiya\u00e7lar\u0131na g\u00f6re hareket eden ve kendini geli\u015ftiren Ferah Tekniker, gelen yo\u011fun talepler sonucunda hidrolik ba\u011flant\u0131 elemanlar\u0131 ve rekorlar\u0131n\u0131 da imalat\u0131na eklemek \u00fczere 2014 y\u0131l\u0131nda\u00a0<a href=\"http:\/\/www.hidroferhidrolik.com\/\"><strong>H\u0130DROFER H\u0130DROL\u0130K<\/strong><\/a>\u00a0firmas\u0131n\u0131 kurmu\u015ftur.<\/p>\n<p>Global \u00e7a\u011fa ayak uyduran g\u00fc\u00e7l\u00fc teknolojik alt yap\u0131s\u0131 ve uzman kadrosu ile bug\u00fcn 2500 m2 kapal\u0131 \u00fcretim tesisinde her \u00e7e\u015fit i\u015f makinesinin pim ve bur\u00e7 imalat\u0131n\u0131 yaparak m\u00fc\u015fterilerinin isteklerine cevap vermektedir. \u0130\u015f makinesi sekt\u00f6r\u00fcnde T\u00fcrkiye\u2019nin ve D\u00fcnya\u2019n\u0131n \u00f6nde gelen i\u015f makinesi \u00fcreticilerinin orijinal ekipman \u00fcreticisi (OEM) olarak tedarik\u00e7ili\u011fini yapmaktad\u0131r.<\/p>\n<p>&nbsp;<\/p>\n<p>Her ge\u00e7en g\u00fcn geni\u015fletilen ve geli\u015ftirilen makine parkuru ile m\u00fc\u015fteri ihtiya\u00e7lar\u0131na etkili ve h\u0131zl\u0131 \u00e7\u00f6z\u00fcmler sunmaktad\u0131r. Pim \u2013 Bur\u00e7 \u0130malat\u0131 ger\u00e7ekle\u015ftiren Ferah Tekniker, sekt\u00f6r\u00fcn\u00fcn lideri olarak yenilik\u00e7i giri\u015fimler yapmaya ve tak\u0131m arkada\u015flar\u0131n\u0131 e\u011fitimler ile s\u00fcrekli olarak geli\u015ftirmeye \u00f6zen g\u00f6stermektedir.<\/p>\n<p>Ferah Tekniker, s\u00fcrd\u00fcr\u00fclebilirlik esas\u0131na dayal\u0131 \u00fcretim yaparken, yapt\u0131\u011f\u0131 ihracatlar ve geni\u015f ticaret a\u011f\u0131yla \u00fclke ekonomisine katk\u0131 sa\u011flamaktad\u0131r. Global pazarda sa\u011flam\u0131\u015f oldu\u011fu \u00fcst d\u00fczey m\u00fc\u015fteri memnuniyeti ve ba\u015far\u0131l\u0131 Ar-Ge \u00e7al\u0131\u015fmalar\u0131 ile \u00fclkemiz ve d\u00fcnya piyasalar\u0131nda aranan bir marka olarak ba\u015far\u0131lar\u0131na devam etmektedir.<\/p>\n<\/div><\/div><div class=\"w-separator size_medium\"><\/div><\/div><\/div><\/div><\/div><\/div><\/section><section class=\"l-section wpb_row height_auto\"><div class=\"l-section-h i-cf\"><div class=\"g-cols vc_row via_flex valign_top type_default stacking_default\" style=\"--additional-gap:20px;\"><div class=\"vc_col-sm-6 wpb_column vc_column_container stretched\"><div class=\"vc_column-inner us_custom_36eef712\"><div class=\"vc_column-overlay\" style=\"background:var(--color-content-primary)\"><\/div><div class=\"wpb_wrapper\"><div class=\"wpb_text_column us_custom_46f7d944 has_text_color\"><div class=\"wpb_wrapper\"><p>V\u0130ZYONUMUZ<\/p>\n<\/div><\/div><\/div><\/div><\/div><div class=\"vc_col-sm-6 wpb_column vc_column_container stretched\"><div class=\"vc_column-inner us_custom_36eef712\"><div class=\"vc_column-overlay\" style=\"background:var(--color-content-secondary)\"><\/div><div class=\"wpb_wrapper\"><div class=\"wpb_text_column us_custom_d978c550 has_text_color\"><div class=\"wpb_wrapper\"><p>M\u0130SYONUMUZ<\/p>\n<\/div><\/div><\/div><\/div><\/div><\/div><\/div><\/section><section class=\"l-section wpb_row height_custom\"><div class=\"l-section-h i-cf\"><div class=\"g-cols vc_row via_flex valign_top type_default stacking_default\" style=\"--additional-gap:20px;\"><div class=\"vc_col-sm-6 wpb_column vc_column_container\"><div class=\"vc_column-inner\"><div class=\"wpb_wrapper\"><div class=\"g-cols wpb_row us_custom_c11703e3 via_flex valign_top type_default stacking_default\"><div class=\"vc_col-sm-12 wpb_column vc_column_container\"><div class=\"vc_column-inner\"><div class=\"wpb_wrapper\"><div class=\"wpb_text_column\"><div class=\"wpb_wrapper\"><p style=\"text-align: justify;\">\u00c7a\u011f\u0131m\u0131z\u0131n gerektirdi\u011fi geli\u015fmeleri yak\u0131ndan takip ederek \u00fcst d\u00fczey kaliteli \u00fcr\u00fcn \u00fcretmek, ko\u015fulsuz m\u00fc\u015fteri memnuniyeti sa\u011flamak ve d\u00fcnya pazar\u0131nda \u00fcretmi\u015f oldu\u011fumuz \u00fcr\u00fcnlerde \u00f6nc\u00fc konumda yer alan bir marka olmak.<\/p>\n<\/div><\/div><\/div><\/div><\/div><\/div><\/div><\/div><\/div><div class=\"vc_col-sm-6 wpb_column vc_column_container\"><div class=\"vc_column-inner\"><div class=\"wpb_wrapper\"><div class=\"g-cols wpb_row us_custom_2b54522d via_flex valign_top type_default stacking_default\"><div class=\"vc_col-sm-12 wpb_column vc_column_container\"><div class=\"vc_column-inner\"><div class=\"wpb_wrapper\"><div class=\"wpb_text_column\"><div class=\"wpb_wrapper\"><p style=\"text-align: justify;\">30 y\u0131l\u0131 a\u015fk\u0131n s\u00fcredir \u00fclkemizde pim ve bur\u00e7 imalat\u0131 ger\u00e7ekle\u015ftiriyoruz. Ferah Tekniker Ailesi olarak, k\u0131ymetli m\u00fc\u015fterilerimiz i\u00e7in uzun y\u0131llara dayanan tecr\u00fcbemizi geli\u015fen teknoloji ve kalite sistemlerimiz ile birle\u015ftirerek \u00fcst d\u00fczey kalitede \u00fcr\u00fcnler \u00fcretiyoruz. \u00dclkemize ekonomik katk\u0131da bulunmak ve \u00fcst d\u00fczey m\u00fc\u015fteri memnuniyeti sa\u011flamak \u00f6ncelikli misyonumuzdur.<\/p>\n<\/div><\/div><\/div><\/div><\/div><\/div><\/div><\/div><\/div><\/div><\/div><\/section><section class=\"l-section wpb_row height_auto\"><div class=\"l-section-h i-cf\"><div class=\"g-cols vc_row via_flex valign_top type_default stacking_default\" style=\"--additional-gap:20px;\"><div class=\"vc_col-sm-6 wpb_column vc_column_container stretched\"><div class=\"vc_column-inner us_custom_36eef712\"><div class=\"vc_column-overlay\" style=\"background:var(--color-content-secondary)\"><\/div><div class=\"wpb_wrapper\"><div class=\"wpb_text_column us_custom_46f7d944 has_text_color\"><div class=\"wpb_wrapper\"><p><strong>DE\u011eERLER\u0130M\u0130Z<\/strong><\/p>\n<\/div><\/div><\/div><\/div><\/div><div class=\"vc_col-sm-6 wpb_column vc_column_container\"><div class=\"vc_column-inner\"><div class=\"wpb_wrapper\"><\/div><\/div><\/div><\/div><\/div><\/section><section class=\"l-section wpb_row height_auto\"><div class=\"l-section-h i-cf\"><div class=\"g-cols vc_row via_flex valign_middle type_default stacking_default\" style=\"--additional-gap:20px;\"><div class=\"vc_col-sm-6 wpb_column vc_column_container has_bg_color\"><div class=\"vc_column-inner us_custom_6cc0d50a\"><div class=\"wpb_wrapper\"><div class=\"wpb_text_column us_custom_a30cddec\"><div class=\"wpb_wrapper\"><p><strong>ULUSLARARASI<\/strong> pazarda<br \/>\ng\u00fc\u00e7l\u00fc bir marka olmak.<\/p>\n<p>Ar-Ge \u00e7al\u0131\u015fmalar\u0131na \u00f6nem<br \/>\nvermeyi ve <strong>\u00fcretim kalitesinde<\/strong><br \/>\ns\u00fcreklili\u011fi benimsemek.<\/p>\n<p>Geli\u015fen ve geli\u015ftiren bir <strong>marka<\/strong> olmak.<\/p>\n<p><strong>S\u00fcrd\u00fcr\u00fclebilir enerji<\/strong> ve hassas \u00e7evre politikas\u0131<br \/>\nkonular\u0131nda bilinci art\u0131rmak.<\/p>\n<p>Oda\u011f\u0131na \u00fcst d\u00fczey <strong>m\u00fc\u015fteri memnuniyeti<\/strong> almak.<\/p>\n<p><strong>Verimli \u00e7al\u0131\u015fma ortam\u0131<\/strong> yaratmak.<\/p>\n<\/div><\/div><\/div><\/div><\/div><div class=\"vc_col-sm-6 wpb_column vc_column_container stretched\"><div class=\"vc_column-inner us_custom_255d3a5f\"><div class=\"wpb_wrapper\"><div class=\"w-image align_right\"><div class=\"w-image-h\"><img loading=\"lazy\" decoding=\"async\" width=\"1024\" height=\"716\" src=\"https:\/\/ferahtekniker.com\/wp-content\/uploads\/2023\/02\/degerler-01-1024x716.jpg\" class=\"attachment-large size-large\" alt=\"\" srcset=\"https:\/\/ferahtekniker.com\/wp-content\/uploads\/2023\/02\/degerler-01-1024x716.jpg 1024w, https:\/\/ferahtekniker.com\/wp-content\/uploads\/2023\/02\/degerler-01-300x210.jpg 300w, https:\/\/ferahtekniker.com\/wp-content\/uploads\/2023\/02\/degerler-01.jpg 1040w\" sizes=\"auto, (max-width: 1024px) 100vw, 1024px\" \/><\/div><\/div><\/div><\/div><\/div><\/div><\/div><\/section><section class=\"l-section wpb_row height_custom width_full\"><div class=\"l-section-h i-cf\"><div class=\"g-cols vc_row via_flex valign_top type_default stacking_default\"><div class=\"vc_col-sm-4 wpb_column vc_column_container\"><div class=\"vc_column-inner\"><div class=\"vc_column-overlay\" style=\"background:var(--color-content-primary)\"><\/div><div class=\"wpb_wrapper\"><\/div><\/div><\/div><div class=\"vc_col-sm-4 wpb_column vc_column_container\"><div class=\"vc_column-inner\"><div class=\"wpb_wrapper\"><div class=\"wpb_text_column us_custom_9839a07c has_text_color\"><div class=\"wpb_wrapper\"><p style=\"text-align: center;\">KAL\u0130TE BELGELER\u0130M\u0130Z<\/p>\n<\/div><\/div><\/div><\/div><\/div><div class=\"vc_col-sm-4 wpb_column vc_column_container\"><div class=\"vc_column-inner\"><div class=\"vc_column-overlay\" style=\"background:var(--color-content-secondary)\"><\/div><div class=\"wpb_wrapper\"><\/div><\/div><\/div><\/div><\/div><\/section><section class=\"l-section wpb_row height_custom\"><div class=\"l-section-h i-cf\"><div class=\"g-cols vc_row via_flex valign_top type_default stacking_default\"><div class=\"vc_col-sm-12 wpb_column vc_column_container\"><div class=\"vc_column-inner\"><div class=\"wpb_wrapper\"><div class=\"w-grid type_carousel layout_8019 cols_3\" id=\"us_grid_1\"><style>#us_grid_1 .w-grid-item{padding:3rem}#us_grid_1 .w-grid-list{margin:-3rem}.w-grid + #us_grid_1 .w-grid-list,.w-grid-none + #us_grid_1 .w-grid-list{margin-top:3rem}.layout_8019 .w-grid-item-h{}<\/style><div class=\"w-grid-list owl-carousel navstyle_circle navpos_outside\" style=\"--arrows-size:1.8rem;\">\t<article class=\"w-grid-item post-8686 attachment type-attachment status-inherit hentry\" data-id=\"8686\">\r\n\t\t<div class=\"w-grid-item-h\">\r\n\t\t\t\t\t\t\t<a class=\"w-grid-item-anchor\" href=\"https:\/\/ferahtekniker.com\/wp-content\/uploads\/2026\/01\/SKM_C22726010511411.jpg\" ref=\"magnificPopupGrid\" title=\"SKM_C22726010511411\"><\/a>\r\n\t\t\t\t\t\t<div class=\"w-post-elm post_image usg_post_image_1 has_ratio\"><div style=\"padding-bottom:133.3333%\"><\/div><a href=\"https:\/\/ferahtekniker.com\/tr\/home\/skm_c22726010511411-2\/\" aria-label=\"SKM_C22726010511411\"><img loading=\"lazy\" decoding=\"async\" width=\"725\" height=\"1024\" src=\"https:\/\/ferahtekniker.com\/wp-content\/uploads\/2026\/01\/SKM_C22726010511411-725x1024.jpg\" class=\"attachment-large size-large\" alt=\"\" srcset=\"https:\/\/ferahtekniker.com\/wp-content\/uploads\/2026\/01\/SKM_C22726010511411-725x1024.jpg 725w, https:\/\/ferahtekniker.com\/wp-content\/uploads\/2026\/01\/SKM_C22726010511411-212x300.jpg 212w, https:\/\/ferahtekniker.com\/wp-content\/uploads\/2026\/01\/SKM_C22726010511411-1087x1536.jpg 1087w, https:\/\/ferahtekniker.com\/wp-content\/uploads\/2026\/01\/SKM_C22726010511411.jpg 1200w\" sizes=\"auto, (max-width: 725px) 100vw, 725px\" \/><\/a><\/div>\t\t<\/div>\r\n\t<\/article>\r\n\t<article class=\"w-grid-item post-8680 attachment type-attachment status-inherit hentry\" data-id=\"8680\">\r\n\t\t<div class=\"w-grid-item-h\">\r\n\t\t\t\t\t\t\t<a class=\"w-grid-item-anchor\" href=\"https:\/\/ferahtekniker.com\/wp-content\/uploads\/2026\/01\/SKM_C22726010511421.jpg\" ref=\"magnificPopupGrid\" title=\"SKM_C22726010511421\"><\/a>\r\n\t\t\t\t\t\t<div class=\"w-post-elm post_image usg_post_image_1 has_ratio\"><div style=\"padding-bottom:133.3333%\"><\/div><a href=\"https:\/\/ferahtekniker.com\/tr\/home\/skm_c22726010511421-2\/\" aria-label=\"SKM_C22726010511421\"><img loading=\"lazy\" decoding=\"async\" width=\"725\" height=\"1024\" src=\"https:\/\/ferahtekniker.com\/wp-content\/uploads\/2026\/01\/SKM_C22726010511421-725x1024.jpg\" class=\"attachment-large size-large\" alt=\"\" srcset=\"https:\/\/ferahtekniker.com\/wp-content\/uploads\/2026\/01\/SKM_C22726010511421-725x1024.jpg 725w, https:\/\/ferahtekniker.com\/wp-content\/uploads\/2026\/01\/SKM_C22726010511421-212x300.jpg 212w, https:\/\/ferahtekniker.com\/wp-content\/uploads\/2026\/01\/SKM_C22726010511421-1087x1536.jpg 1087w, https:\/\/ferahtekniker.com\/wp-content\/uploads\/2026\/01\/SKM_C22726010511421.jpg 1200w\" sizes=\"auto, (max-width: 725px) 100vw, 725px\" \/><\/a><\/div>\t\t<\/div>\r\n\t<\/article>\r\n\t<article class=\"w-grid-item post-8674 attachment type-attachment status-inherit hentry\" data-id=\"8674\">\r\n\t\t<div class=\"w-grid-item-h\">\r\n\t\t\t\t\t\t\t<a class=\"w-grid-item-anchor\" href=\"https:\/\/ferahtekniker.com\/wp-content\/uploads\/2026\/01\/SKM_C22726010511420.jpg\" ref=\"magnificPopupGrid\" title=\"SKM_C22726010511420\"><\/a>\r\n\t\t\t\t\t\t<div class=\"w-post-elm post_image usg_post_image_1 has_ratio\"><div style=\"padding-bottom:133.3333%\"><\/div><a href=\"https:\/\/ferahtekniker.com\/tr\/home\/skm_c22726010511420-2\/\" aria-label=\"SKM_C22726010511420\"><img loading=\"lazy\" decoding=\"async\" width=\"725\" height=\"1024\" src=\"https:\/\/ferahtekniker.com\/wp-content\/uploads\/2026\/01\/SKM_C22726010511420-725x1024.jpg\" class=\"attachment-large size-large\" alt=\"\" srcset=\"https:\/\/ferahtekniker.com\/wp-content\/uploads\/2026\/01\/SKM_C22726010511420-725x1024.jpg 725w, https:\/\/ferahtekniker.com\/wp-content\/uploads\/2026\/01\/SKM_C22726010511420-212x300.jpg 212w, https:\/\/ferahtekniker.com\/wp-content\/uploads\/2026\/01\/SKM_C22726010511420-1087x1536.jpg 1087w, https:\/\/ferahtekniker.com\/wp-content\/uploads\/2026\/01\/SKM_C22726010511420.jpg 1200w\" sizes=\"auto, (max-width: 725px) 100vw, 725px\" \/><\/a><\/div>\t\t<\/div>\r\n\t<\/article>\r\n<\/div><div class=\"g-preloader type_1\">\r\n\t<div><\/div>\r\n<\/div>\r\n\t<div class=\"w-grid-json hidden\" onclick='return {&quot;action&quot;:&quot;us_ajax_grid&quot;,&quot;ajax_url&quot;:&quot;https:\\\/\\\/ferahtekniker.com\\\/wp-admin\\\/admin-ajax.php&quot;,&quot;infinite_scroll&quot;:0,&quot;max_num_pages&quot;:1,&quot;pagination&quot;:&quot;none&quot;,&quot;permalink_url&quot;:&quot;https:\\\/\\\/ferahtekniker.com\\\/tr\\\/wp-json\\\/wp\\\/v2\\\/pages\\\/8000\\\/&quot;,&quot;template_vars&quot;:{&quot;columns&quot;:&quot;3&quot;,&quot;exclude_items&quot;:&quot;none&quot;,&quot;img_size&quot;:&quot;default&quot;,&quot;ignore_items_size&quot;:0,&quot;items_layout&quot;:&quot;8019&quot;,&quot;items_offset&quot;:&quot;1&quot;,&quot;load_animation&quot;:&quot;none&quot;,&quot;overriding_link&quot;:&quot;popup_post_image&quot;,&quot;post_id&quot;:8000,&quot;query_args&quot;:{&quot;post_type&quot;:[&quot;attachment&quot;],&quot;post__in&quot;:[&quot;8669&quot;,&quot;8675&quot;,&quot;8681&quot;],&quot;post_status&quot;:&quot;inherit&quot;,&quot;post_mime_type&quot;:&quot;image&quot;,&quot;posts_per_page&quot;:999},&quot;orderby_query_args&quot;:{&quot;orderby&quot;:{&quot;date&quot;:&quot;DESC&quot;}},&quot;type&quot;:&quot;carousel&quot;,&quot;us_grid_ajax_index&quot;:1,&quot;us_grid_filter_params&quot;:null,&quot;us_grid_index&quot;:1,&quot;_us_grid_post_type&quot;:&quot;attachment&quot;,&quot;lang&quot;:&quot;tr&quot;},&quot;carousel_settings&quot;:{&quot;autoHeight&quot;:0,&quot;autoplay&quot;:0,&quot;carousel_fade&quot;:0,&quot;center&quot;:0,&quot;dots&quot;:0,&quot;items&quot;:&quot;3&quot;,&quot;loop&quot;:false,&quot;nav&quot;:1,&quot;slideby&quot;:&quot;1&quot;,&quot;smooth_play&quot;:0,&quot;speed&quot;:250,&quot;timeout&quot;:3000,&quot;transition&quot;:&quot;&quot;,&quot;aria_labels&quot;:{&quot;prev&quot;:&quot;\\u00d6nceki&quot;,&quot;next&quot;:&quot;Sonraki&quot;}},&quot;carousel_breakpoints&quot;:{&quot;0&quot;:{&quot;autoHeight&quot;:0,&quot;autoplay&quot;:1,&quot;autoplayHoverPause&quot;:1,&quot;items&quot;:1,&quot;loop&quot;:true,&quot;stagePadding&quot;:0},&quot;601&quot;:{&quot;autoHeight&quot;:0,&quot;autoplay&quot;:1,&quot;autoplayHoverPause&quot;:1,&quot;items&quot;:2,&quot;loop&quot;:false,&quot;stagePadding&quot;:0},&quot;1025&quot;:{&quot;autoHeight&quot;:0,&quot;autoplay&quot;:1,&quot;autoplayHoverPause&quot;:1,&quot;items&quot;:3,&quot;loop&quot;:false,&quot;stagePadding&quot;:0},&quot;1281&quot;:{&quot;items&quot;:3,&quot;stagePadding&quot;:0}}}'><\/div>\r\n\t<\/div><\/div><\/div><\/div><\/div><\/div><\/section>\n","protected":false},"excerpt":{"rendered":"","protected":false},"author":1,"featured_media":0,"parent":0,"menu_order":0,"comment_status":"closed","ping_status":"closed","template":"","meta":{"footnotes":""},"class_list":["post-8000","page","type-page","status-publish","hentry"],"_links":{"self":[{"href":"https:\/\/ferahtekniker.com\/tr\/wp-json\/wp\/v2\/pages\/8000","targetHints":{"allow":["GET"]}}],"collection":[{"href":"https:\/\/ferahtekniker.com\/tr\/wp-json\/wp\/v2\/pages"}],"about":[{"href":"https:\/\/ferahtekniker.com\/tr\/wp-json\/wp\/v2\/types\/page"}],"author":[{"embeddable":true,"href":"https:\/\/ferahtekniker.com\/tr\/wp-json\/wp\/v2\/users\/1"}],"replies":[{"embeddable":true,"href":"https:\/\/ferahtekniker.com\/tr\/wp-json\/wp\/v2\/comments?post=8000"}],"version-history":[{"count":27,"href":"https:\/\/ferahtekniker.com\/tr\/wp-json\/wp\/v2\/pages\/8000\/revisions"}],"predecessor-version":[{"id":8695,"href":"https:\/\/ferahtekniker.com\/tr\/wp-json\/wp\/v2\/pages\/8000\/revisions\/8695"}],"wp:attachment":[{"href":"https:\/\/ferahtekniker.com\/tr\/wp-json\/wp\/v2\/media?parent=8000"}],"curies":[{"name":"wp","href":"https:\/\/api.w.org\/{rel}","templated":true}]}}